{"id":8,"date":"2025-09-17T01:04:14","date_gmt":"2025-09-17T01:04:14","guid":{"rendered":"https:\/\/fundacionmitinajita.org\/?page_id=8"},"modified":"2025-09-20T16:00:58","modified_gmt":"2025-09-20T20:00:58","slug":"nosotros","status":"publish","type":"page","link":"https:\/\/fundacionmitinajita.org\/?page_id=8","title":{"rendered":"NOSOTROS"},"content":{"rendered":"\n<div class=\"wp-block-columns is-layout-flex wp-container-core-columns-is-layout-9d6595d7 wp-block-columns-is-layout-flex\">\n<div class=\"wp-block-column is-layout-flow wp-block-column-is-layout-flow\" style=\"flex-basis:66.66%\">\n<p>La Fundaci\u00f3n Mi Tinajita es una organizaci\u00f3n sin fines de lucro que trabaja con ni\u00f1os, adolescentes, j\u00f3venes y familias en situaci\u00f3n de vulnerabilidad en el Barrio\u00a0 Pampa de la Madre, Montero, Santa Cruz, Bolivia.<\/p>\n<p><strong>MISI\u00d3N<\/strong><\/p>\n<p>Fundaci\u00f3n Mi Tinajita es una instituci\u00f3n que transforma integralmente a ni\u00f1os y familias vulnerables para mejorar su calidad de Vida por a amor a Jes\u00fas<\/p>\n<p><strong>VISI\u00d3N<\/strong><\/p>\n<p>Al 2030 ser\u00e1 una instituci\u00f3n fortalecida y reconocida como agente de cambio en la sociedad.<\/p>\n<\/div>\n\n\n\n<div class=\"wp-block-column is-layout-flow wp-block-column-is-layout-flow\" style=\"flex-basis:33.33%\">\n<div class=\"mitinajita-donacion-widget\">\n    <div class=\"mitinajita-card\">\n        <div class=\"mitinajita-header\" style=\"background: linear-gradient(135deg, #4fbbe9 0%, #3aa8d3 100%); padding: 20px; color: white; text-align: center;\">\n            <div class=\"mitinajita-logo-container\" style=\"margin-bottom: 15px;\">\n                <img decoding=\"async\" src=\"https:\/\/fundacionmitinajita.org\/wp-content\/uploads\/2025\/09\/cropped-icono-tinajita.png\" alt=\"Logo Fundaci\u00f3n Mi Tinajita\" style=\"height: 70px; width: auto;\">\n            <\/div>\n            <h3 style=\"margin: 10px 0; font-size: 22px; font-weight: 700;\">Transforma Vidas con tu Donaci\u00f3n<\/h3>\n            <p style=\"font-size: 15px; opacity: 0.9; margin: 0 auto; max-width: 320px;\">Tu apoyo hace posible nuestros programas de desarrollo integral<\/p>\n        <\/div>\n        \n        <div class=\"mitinajita-content\" style=\"padding: 25px; background: #f8fafc;\">\n            <div class=\"mitinajita-stats\" style=\"display: flex; justify-content: space-around; margin-bottom: 20px;\">\n                <div class=\"stat\" style=\"text-align: center;\">\n                    <div class=\"stat-number\" style=\"font-size: 20px; font-weight: 700; color: #e74c3c;\">595+<\/div>\n                    <div class=\"stat-label\" style=\"font-size: 12px; color: #4a6572; margin-top: 5px;\">Participantes<\/div>\n                <\/div>\n                <div class=\"stat\" style=\"text-align: center;\">\n                    <div class=\"stat-number\" style=\"font-size: 20px; font-weight: 700; color: #e74c3c;\">6<\/div>\n                    <div class=\"stat-label\" style=\"font-size: 12px; color: #4a6572; margin-top: 5px;\">Programas activos<\/div>\n                <\/div>\n            <\/div>\n            \n            <a href=\"https:\/\/fundacionmitinajita.org\/?page_id=94\" class=\"mitinajita-donate-btn\" style=\"display: block; background: linear-gradient(135deg, #e74c3c 0%, #c0392b 100%); color: white; padding: 16px 20px; font-size: 22px; font-weight: 800; text-decoration: none; border-radius: 50px; text-align: center; box-shadow: 0 5px 15px rgba(231, 76, 60, 0.4); transition: all 0.3s ease; margin: 15px 0;\">\n                <span style=\"font-size: 26px; vertical-align: middle; animation: pulse 1.5s infinite; display: inline-block;\">\u2764\ufe0f<\/span>\n                <span style=\"vertical-align: middle;\">DONAR<\/span>\n            <\/a>\n            \n            <div class=\"mitinajita-security\" style=\"display: flex; align-items: center; justify-content: center; font-size: 13px; color: #4a6572; margin-top: 15px;\">\n                <span style=\"display: inline-block; margin-right: 8px; color: #27ae50;\">\ud83d\udd12<\/span>\n                <span>Donaci\u00f3n segura y encriptada<\/span>\n            <\/div>\n            \n            <div class=\"mitinajita-payments\" style=\"margin-top: 20px; padding-top: 15px; border-top: 1px solid #e2e8f0;\">\n                <p style=\"font-size: 13px; color: #4a6572; margin-bottom: 10px; text-align: center;\">Aceptamos todos los m\u00e9todos de pago<\/p>\n                <div class=\"payment-icons\" style=\"display: flex; justify-content: center; gap: 12px; font-size: 20px; color: #556977;\">\n                    <span>\ud83d\udcb3<\/span>\n                    <span>\ud83d\udcf1<\/span>\n                    <span>\ud83c\udfe6<\/span>\n                <\/div>\n            <\/div>\n        <\/div>\n        \n        <div class=\"mitinajita-footer\" style=\"background: #f1f5f9; padding: 12px; font-size: 11px; color: #4a6572; text-align: center; border-top: 1px solid #e2e8f0;\">\n            Fundaci\u00f3n Mi Tinajita \u00b7 Transformando vidas a trav\u00e9s de la fe\n        <\/div>\n    <\/div>\n    \n    <style>\n        .mitinajita-donate-btn:hover {\n            transform: scale(1.03);\n            box-shadow: 0 7px 18px rgba(231, 76, 60, 0.5);\n        }\n        \n        @keyframes pulse {\n            0% { transform: scale(1); }\n            50% { transform: scale(1.1); }\n            100% { transform: scale(1); }\n        }\n        \n        .mitinajita-donacion-widget {\n            font-family: -apple-system, BlinkMacSystemFont, 'Segoe UI', Roboto, Oxygen, Ubuntu, Cantarell, 'Open Sans', 'Helvetica Neue', sans-serif;\n            max-width: 350px;\n            margin: 0 auto;\n            border-radius: 15px;\n            overflow: hidden;\n            box-shadow: 0 5px 15px rgba(0, 0, 0, 0.1);\n        }\n    <\/style>\n<\/div>\n<\/div>\n<\/div>\n","protected":false},"excerpt":{"rendered":"<p>La Fundaci\u00f3n Mi Tinajita es una organizaci\u00f3n sin fines de lucro que trabaja con ni\u00f1os, adolescentes, j\u00f3venes y familias en situaci\u00f3n de vulnerabilidad en el Barrio\u00a0 Pampa de la Madre, Montero, Santa Cruz, Bolivia. MISI\u00d3N Fundaci\u00f3n Mi Tinajita es una instituci\u00f3n que transforma integralmente a ni\u00f1os y familias vulnerables para mejorar su calidad de Vida [&hellip;]<\/p>\n","protected":false},"author":1,"featured_media":0,"parent":0,"menu_order":0,"comment_status":"closed","ping_status":"closed","template":"","meta":{"give_campaign_id":0,"footnotes":""},"class_list":["post-8","page","type-page","status-publish","hentry"],"yoast_head":"<!-- This site is optimized with the Yoast SEO plugin v27.1.1 - https:\/\/yoast.com\/product\/yoast-seo-wordpress\/ -->\n<title>NOSOTROS<\/title>\n<meta name=\"robots\" content=\"index, follow, max-snippet:-1, max-image-preview:large, max-video-preview:-1\" \/>\n<link rel=\"canonical\" href=\"https:\/\/fundacionmitinajita.org\/?page_id=8\" \/>\n<meta property=\"og:locale\" content=\"es_ES\" \/>\n<meta property=\"og:type\" content=\"article\" \/>\n<meta property=\"og:title\" content=\"NOSOTROS\" \/>\n<meta property=\"og:description\" content=\"La Fundaci\u00f3n Mi Tinajita es una organizaci\u00f3n sin fines de lucro que trabaja con ni\u00f1os, adolescentes, j\u00f3venes y familias en situaci\u00f3n de vulnerabilidad en el Barrio\u00a0 Pampa de la Madre, Montero, Santa Cruz, Bolivia. MISI\u00d3N Fundaci\u00f3n Mi Tinajita es una instituci\u00f3n que transforma integralmente a ni\u00f1os y familias vulnerables para mejorar su calidad de Vida [&hellip;]\" \/>\n<meta property=\"og:url\" content=\"https:\/\/fundacionmitinajita.org\/?page_id=8\" \/>\n<meta property=\"og:site_name\" content=\"Fundaci\u00f3n Mi Tinajita\" \/>\n<meta property=\"article:modified_time\" content=\"2025-09-20T20:00:58+00:00\" \/>\n<meta property=\"og:image\" content=\"https:\/\/fundacionmitinajita.org\/wp-content\/uploads\/2025\/09\/cropped-icono-tinajita.png\" \/>\n<meta name=\"twitter:card\" content=\"summary_large_image\" \/>\n<meta name=\"twitter:label1\" content=\"Tiempo de lectura\" \/>\n\t<meta name=\"twitter:data1\" content=\"1 minuto\" \/>\n<script type=\"application\/ld+json\" class=\"yoast-schema-graph\">{\"@context\":\"https:\/\/schema.org\",\"@graph\":[{\"@type\":\"WebPage\",\"@id\":\"https:\/\/fundacionmitinajita.org\/?page_id=8\",\"url\":\"https:\/\/fundacionmitinajita.org\/?page_id=8\",\"name\":\"NOSOTROS\",\"isPartOf\":{\"@id\":\"https:\/\/fundacionmitinajita.org\/#website\"},\"primaryImageOfPage\":{\"@id\":\"https:\/\/fundacionmitinajita.org\/?page_id=8#primaryimage\"},\"image\":{\"@id\":\"https:\/\/fundacionmitinajita.org\/?page_id=8#primaryimage\"},\"thumbnailUrl\":\"https:\/\/fundacionmitinajita.org\/wp-content\/uploads\/2025\/09\/cropped-icono-tinajita.png\",\"datePublished\":\"2025-09-17T01:04:14+00:00\",\"dateModified\":\"2025-09-20T20:00:58+00:00\",\"breadcrumb\":{\"@id\":\"https:\/\/fundacionmitinajita.org\/?page_id=8#breadcrumb\"},\"inLanguage\":\"es\",\"potentialAction\":[{\"@type\":\"ReadAction\",\"target\":[\"https:\/\/fundacionmitinajita.org\/?page_id=8\"]}]},{\"@type\":\"ImageObject\",\"inLanguage\":\"es\",\"@id\":\"https:\/\/fundacionmitinajita.org\/?page_id=8#primaryimage\",\"url\":\"https:\/\/fundacionmitinajita.org\/wp-content\/uploads\/2025\/09\/cropped-icono-tinajita.png\",\"contentUrl\":\"https:\/\/fundacionmitinajita.org\/wp-content\/uploads\/2025\/09\/cropped-icono-tinajita.png\",\"width\":512,\"height\":512},{\"@type\":\"BreadcrumbList\",\"@id\":\"https:\/\/fundacionmitinajita.org\/?page_id=8#breadcrumb\",\"itemListElement\":[{\"@type\":\"ListItem\",\"position\":1,\"name\":\"Portada\",\"item\":\"https:\/\/fundacionmitinajita.org\/\"},{\"@type\":\"ListItem\",\"position\":2,\"name\":\"NOSOTROS\"}]},{\"@type\":\"WebSite\",\"@id\":\"https:\/\/fundacionmitinajita.org\/#website\",\"url\":\"https:\/\/fundacionmitinajita.org\/\",\"name\":\"Fundaci\u00f3n Mi Tinajita\",\"description\":\"\",\"publisher\":{\"@id\":\"https:\/\/fundacionmitinajita.org\/#organization\"},\"potentialAction\":[{\"@type\":\"SearchAction\",\"target\":{\"@type\":\"EntryPoint\",\"urlTemplate\":\"https:\/\/fundacionmitinajita.org\/?s={search_term_string}\"},\"query-input\":{\"@type\":\"PropertyValueSpecification\",\"valueRequired\":true,\"valueName\":\"search_term_string\"}}],\"inLanguage\":\"es\"},{\"@type\":\"Organization\",\"@id\":\"https:\/\/fundacionmitinajita.org\/#organization\",\"name\":\"Fundaci\u00f3n Mi Tinajita\",\"url\":\"https:\/\/fundacionmitinajita.org\/\",\"logo\":{\"@type\":\"ImageObject\",\"inLanguage\":\"es\",\"@id\":\"https:\/\/fundacionmitinajita.org\/#\/schema\/logo\/image\/\",\"url\":\"https:\/\/fundacionmitinajita.org\/wp-content\/uploads\/2025\/10\/cropped-ico-tinajita.webp\",\"contentUrl\":\"https:\/\/fundacionmitinajita.org\/wp-content\/uploads\/2025\/10\/cropped-ico-tinajita.webp\",\"width\":512,\"height\":512,\"caption\":\"Fundaci\u00f3n Mi Tinajita\"},\"image\":{\"@id\":\"https:\/\/fundacionmitinajita.org\/#\/schema\/logo\/image\/\"}}]}<\/script>\n<!-- \/ Yoast SEO plugin. -->","yoast_head_json":{"title":"NOSOTROS","robots":{"index":"index","follow":"follow","max-snippet":"max-snippet:-1","max-image-preview":"max-image-preview:large","max-video-preview":"max-video-preview:-1"},"canonical":"https:\/\/fundacionmitinajita.org\/?page_id=8","og_locale":"es_ES","og_type":"article","og_title":"NOSOTROS","og_description":"La Fundaci\u00f3n Mi Tinajita es una organizaci\u00f3n sin fines de lucro que trabaja con ni\u00f1os, adolescentes, j\u00f3venes y familias en situaci\u00f3n de vulnerabilidad en el Barrio\u00a0 Pampa de la Madre, Montero, Santa Cruz, Bolivia. MISI\u00d3N Fundaci\u00f3n Mi Tinajita es una instituci\u00f3n que transforma integralmente a ni\u00f1os y familias vulnerables para mejorar su calidad de Vida [&hellip;]","og_url":"https:\/\/fundacionmitinajita.org\/?page_id=8","og_site_name":"Fundaci\u00f3n Mi Tinajita","article_modified_time":"2025-09-20T20:00:58+00:00","og_image":[{"url":"https:\/\/fundacionmitinajita.org\/wp-content\/uploads\/2025\/09\/cropped-icono-tinajita.png","type":"","width":"","height":""}],"twitter_card":"summary_large_image","twitter_misc":{"Tiempo de lectura":"1 minuto"},"schema":{"@context":"https:\/\/schema.org","@graph":[{"@type":"WebPage","@id":"https:\/\/fundacionmitinajita.org\/?page_id=8","url":"https:\/\/fundacionmitinajita.org\/?page_id=8","name":"NOSOTROS","isPartOf":{"@id":"https:\/\/fundacionmitinajita.org\/#website"},"primaryImageOfPage":{"@id":"https:\/\/fundacionmitinajita.org\/?page_id=8#primaryimage"},"image":{"@id":"https:\/\/fundacionmitinajita.org\/?page_id=8#primaryimage"},"thumbnailUrl":"https:\/\/fundacionmitinajita.org\/wp-content\/uploads\/2025\/09\/cropped-icono-tinajita.png","datePublished":"2025-09-17T01:04:14+00:00","dateModified":"2025-09-20T20:00:58+00:00","breadcrumb":{"@id":"https:\/\/fundacionmitinajita.org\/?page_id=8#breadcrumb"},"inLanguage":"es","potentialAction":[{"@type":"ReadAction","target":["https:\/\/fundacionmitinajita.org\/?page_id=8"]}]},{"@type":"ImageObject","inLanguage":"es","@id":"https:\/\/fundacionmitinajita.org\/?page_id=8#primaryimage","url":"https:\/\/fundacionmitinajita.org\/wp-content\/uploads\/2025\/09\/cropped-icono-tinajita.png","contentUrl":"https:\/\/fundacionmitinajita.org\/wp-content\/uploads\/2025\/09\/cropped-icono-tinajita.png","width":512,"height":512},{"@type":"BreadcrumbList","@id":"https:\/\/fundacionmitinajita.org\/?page_id=8#breadcrumb","itemListElement":[{"@type":"ListItem","position":1,"name":"Portada","item":"https:\/\/fundacionmitinajita.org\/"},{"@type":"ListItem","position":2,"name":"NOSOTROS"}]},{"@type":"WebSite","@id":"https:\/\/fundacionmitinajita.org\/#website","url":"https:\/\/fundacionmitinajita.org\/","name":"Fundaci\u00f3n Mi Tinajita","description":"","publisher":{"@id":"https:\/\/fundacionmitinajita.org\/#organization"},"potentialAction":[{"@type":"SearchAction","target":{"@type":"EntryPoint","urlTemplate":"https:\/\/fundacionmitinajita.org\/?s={search_term_string}"},"query-input":{"@type":"PropertyValueSpecification","valueRequired":true,"valueName":"search_term_string"}}],"inLanguage":"es"},{"@type":"Organization","@id":"https:\/\/fundacionmitinajita.org\/#organization","name":"Fundaci\u00f3n Mi Tinajita","url":"https:\/\/fundacionmitinajita.org\/","logo":{"@type":"ImageObject","inLanguage":"es","@id":"https:\/\/fundacionmitinajita.org\/#\/schema\/logo\/image\/","url":"https:\/\/fundacionmitinajita.org\/wp-content\/uploads\/2025\/10\/cropped-ico-tinajita.webp","contentUrl":"https:\/\/fundacionmitinajita.org\/wp-content\/uploads\/2025\/10\/cropped-ico-tinajita.webp","width":512,"height":512,"caption":"Fundaci\u00f3n Mi Tinajita"},"image":{"@id":"https:\/\/fundacionmitinajita.org\/#\/schema\/logo\/image\/"}}]}},"campaignId":"","_links":{"self":[{"href":"https:\/\/fundacionmitinajita.org\/index.php?rest_route=\/wp\/v2\/pages\/8","targetHints":{"allow":["GET"]}}],"collection":[{"href":"https:\/\/fundacionmitinajita.org\/index.php?rest_route=\/wp\/v2\/pages"}],"about":[{"href":"https:\/\/fundacionmitinajita.org\/index.php?rest_route=\/wp\/v2\/types\/page"}],"author":[{"embeddable":true,"href":"https:\/\/fundacionmitinajita.org\/index.php?rest_route=\/wp\/v2\/users\/1"}],"replies":[{"embeddable":true,"href":"https:\/\/fundacionmitinajita.org\/index.php?rest_route=%2Fwp%2Fv2%2Fcomments&post=8"}],"version-history":[{"count":5,"href":"https:\/\/fundacionmitinajita.org\/index.php?rest_route=\/wp\/v2\/pages\/8\/revisions"}],"predecessor-version":[{"id":139,"href":"https:\/\/fundacionmitinajita.org\/index.php?rest_route=\/wp\/v2\/pages\/8\/revisions\/139"}],"wp:attachment":[{"href":"https:\/\/fundacionmitinajita.org\/index.php?rest_route=%2Fwp%2Fv2%2Fmedia&parent=8"}],"curies":[{"name":"wp","href":"https:\/\/api.w.org\/{rel}","templated":true}]}}